{"id":190,"date":"2019-06-17T22:01:42","date_gmt":"2019-06-17T20:01:42","guid":{"rendered":"http:\/\/balsetdansesdautrefois.alwaysdata.net\/?page_id=190"},"modified":"2019-08-10T16:57:56","modified_gmt":"2019-08-10T14:57:56","slug":"nous-contacter","status":"publish","type":"page","link":"https:\/\/balsetdansesdautrefois.fr\/index.php\/nous-contacter\/","title":{"rendered":"Nous contacter"},"content":{"rendered":"\n<hr class=\"wp-block-separator\"\/>\n\n\n\n<p>Besoin d&rsquo;un renseignement ? N&rsquo;h\u00e9sitez pas \u00e0 nous contacter, nous reviendrons vers vous au plus vite. <\/p>\n\n\n\n<div style=\"height:20px\" aria-hidden=\"true\" class=\"wp-block-spacer\"><\/div>\n\n\n<div class=\"wpforms-container wpforms-container-full\" id=\"wpforms-239\"><form id=\"wpforms-form-239\" class=\"wpforms-validate wpforms-form\" data-formid=\"239\" method=\"post\" enctype=\"multipart\/form-data\" action=\"\/index.php\/wp-json\/wp\/v2\/pages\/190\" data-token=\"ef65b615d55d736b810d776066dce75c\" data-token-time=\"1778162252\"><noscript class=\"wpforms-error-noscript\">Veuillez activer JavaScript dans votre navigateur pour remplir ce formulaire.<\/noscript><div class=\"wpforms-field-container\"><div id=\"wpforms-239-field_0-container\" class=\"wpforms-field wpforms-field-name\" data-field-id=\"0\"><label class=\"wpforms-field-label\">Nom <span class=\"wpforms-required-label\">*<\/span><\/label><div class=\"wpforms-field-row wpforms-field-medium\"><div class=\"wpforms-field-row-block wpforms-first wpforms-one-half\"><input type=\"text\" id=\"wpforms-239-field_0\" class=\"wpforms-field-name-first wpforms-field-required\" name=\"wpforms[fields][0][first]\" required><label for=\"wpforms-239-field_0\" class=\"wpforms-field-sublabel after\">Pr\u00e9nom<\/label><\/div><div class=\"wpforms-field-row-block wpforms-one-half\"><input type=\"text\" id=\"wpforms-239-field_0-last\" class=\"wpforms-field-name-last wpforms-field-required\" name=\"wpforms[fields][0][last]\" required><label for=\"wpforms-239-field_0-last\" class=\"wpforms-field-sublabel after\">Nom<\/label><\/div><\/div><\/div><div id=\"wpforms-239-field_1-container\" class=\"wpforms-field wpforms-field-email\" data-field-id=\"1\"><label class=\"wpforms-field-label\" for=\"wpforms-239-field_1\">E-mail <span class=\"wpforms-required-label\">*<\/span><\/label><input type=\"email\" id=\"wpforms-239-field_1\" class=\"wpforms-field-medium wpforms-field-required\" name=\"wpforms[fields][1]\" spellcheck=\"false\" required><\/div><div id=\"wpforms-239-field_3-container\" class=\"wpforms-field wpforms-field-text\" data-field-id=\"3\"><label class=\"wpforms-field-label\" for=\"wpforms-239-field_3\">Num\u00e9ro de t\u00e9l\u00e9phone<\/label><input type=\"text\" id=\"wpforms-239-field_3\" class=\"wpforms-field-medium\" name=\"wpforms[fields][3]\" ><\/div><div id=\"wpforms-239-field_2-container\" class=\"wpforms-field wpforms-field-textarea\" data-field-id=\"2\"><label class=\"wpforms-field-label\" for=\"wpforms-239-field_2\">Commentaire ou message <span class=\"wpforms-required-label\">*<\/span><\/label><textarea id=\"wpforms-239-field_2\" class=\"wpforms-field-medium wpforms-field-required\" name=\"wpforms[fields][2]\" required><\/textarea><\/div><\/div><!-- .wpforms-field-container --><div class=\"wpforms-field wpforms-field-hp\"><label for=\"wpforms-239-field-hp\" class=\"wpforms-field-label\">Website<\/label><input type=\"text\" name=\"wpforms[hp]\" id=\"wpforms-239-field-hp\" class=\"wpforms-field-medium\"><\/div><div class=\"wpforms-submit-container\" ><input type=\"hidden\" name=\"wpforms[id]\" value=\"239\"><input type=\"hidden\" name=\"page_title\" value=\"\"><input type=\"hidden\" name=\"page_url\" value=\"https:\/\/balsetdansesdautrefois.fr\/index.php\/wp-json\/wp\/v2\/pages\/190\"><input type=\"hidden\" name=\"url_referer\" value=\"\"><button type=\"submit\" name=\"wpforms[submit]\" id=\"wpforms-submit-239\" class=\"wpforms-submit\" data-alt-text=\"Envoi...\" data-submit-text=\"Envoyer\" aria-live=\"assertive\" value=\"wpforms-submit\">Envoyer<\/button><\/div><\/form><\/div>  <!-- .wpforms-container -->\n\n\n\n<div class=\"wp-block-themeisle-blocks-advanced-columns has-undefined-columns has-desktop-undefined-layout has-tablet-equal-layout has-mobile-equal-layout has-default-gap has-vertical-unset\" id=\"wp-block-themeisle-blocks-advanced-columns-37402e04\" style=\"border-width:0px;border-style:solid;border-color:#000000;border-radius:0px;justify-content:unset\"><div class=\"wp-themeisle-block-overlay\" style=\"opacity:0.5;mix-blend-mode:normal\"><\/div><div class=\"innerblocks-wrap\"><\/div><\/div>\n","protected":false},"excerpt":{"rendered":"<p>Besoin d&rsquo;un renseignement ? N&rsquo;h\u00e9sitez pas \u00e0 nous contacter, nous reviendrons vers vous au plus vite.<\/p>\n","protected":false},"author":2,"featured_media":0,"parent":0,"menu_order":0,"comment_status":"closed","ping_status":"closed","template":"","meta":{"footnotes":""},"class_list":["post-190","page","type-page","status-publish","hentry"],"yoast_head":"<!-- This site is optimized with the Yoast SEO plugin v26.5 - https:\/\/yoast.com\/wordpress\/plugins\/seo\/ -->\n<title>Nous contacter - Bals et danses d&#039;autrefois ...<\/title>\n<meta name=\"robots\" content=\"index, follow, max-snippet:-1, max-image-preview:large, max-video-preview:-1\" \/>\n<link rel=\"canonical\" href=\"https:\/\/balsetdansesdautrefois.fr\/index.php\/nous-contacter\/\" \/>\n<meta property=\"og:locale\" content=\"fr_FR\" \/>\n<meta property=\"og:type\" content=\"article\" \/>\n<meta property=\"og:title\" content=\"Nous contacter - Bals et danses d&#039;autrefois ...\" \/>\n<meta property=\"og:description\" content=\"Besoin d&rsquo;un renseignement ? N&rsquo;h\u00e9sitez pas \u00e0 nous contacter, nous reviendrons vers vous au plus vite.\" \/>\n<meta property=\"og:url\" content=\"https:\/\/balsetdansesdautrefois.fr\/index.php\/nous-contacter\/\" \/>\n<meta property=\"og:site_name\" content=\"Bals et danses d&#039;autrefois ...\" \/>\n<meta property=\"article:modified_time\" content=\"2019-08-10T14:57:56+00:00\" \/>\n<meta name=\"twitter:card\" content=\"summary_large_image\" \/>\n<script type=\"application\/ld+json\" class=\"yoast-schema-graph\">{\"@context\":\"https:\/\/schema.org\",\"@graph\":[{\"@type\":\"WebPage\",\"@id\":\"https:\/\/balsetdansesdautrefois.fr\/index.php\/nous-contacter\/\",\"url\":\"https:\/\/balsetdansesdautrefois.fr\/index.php\/nous-contacter\/\",\"name\":\"Nous contacter - Bals et danses d&#039;autrefois ...\",\"isPartOf\":{\"@id\":\"https:\/\/balsetdansesdautrefois.fr\/#website\"},\"datePublished\":\"2019-06-17T20:01:42+00:00\",\"dateModified\":\"2019-08-10T14:57:56+00:00\",\"breadcrumb\":{\"@id\":\"https:\/\/balsetdansesdautrefois.fr\/index.php\/nous-contacter\/#breadcrumb\"},\"inLanguage\":\"fr-FR\",\"potentialAction\":[{\"@type\":\"ReadAction\",\"target\":[\"https:\/\/balsetdansesdautrefois.fr\/index.php\/nous-contacter\/\"]}]},{\"@type\":\"BreadcrumbList\",\"@id\":\"https:\/\/balsetdansesdautrefois.fr\/index.php\/nous-contacter\/#breadcrumb\",\"itemListElement\":[{\"@type\":\"ListItem\",\"position\":1,\"name\":\"Accueil\",\"item\":\"https:\/\/balsetdansesdautrefois.fr\/\"},{\"@type\":\"ListItem\",\"position\":2,\"name\":\"Nous contacter\"}]},{\"@type\":\"WebSite\",\"@id\":\"https:\/\/balsetdansesdautrefois.fr\/#website\",\"url\":\"https:\/\/balsetdansesdautrefois.fr\/\",\"name\":\"Bals et danses d&#039;autrefois ...\",\"description\":\"Association de danses historiques, situ\u00e9e \u00e0 Saint Jean de la Ruelle\",\"potentialAction\":[{\"@type\":\"SearchAction\",\"target\":{\"@type\":\"EntryPoint\",\"urlTemplate\":\"https:\/\/balsetdansesdautrefois.fr\/?s={search_term_string}\"},\"query-input\":{\"@type\":\"PropertyValueSpecification\",\"valueRequired\":true,\"valueName\":\"search_term_string\"}}],\"inLanguage\":\"fr-FR\"}]}<\/script>\n<!-- \/ Yoast SEO plugin. -->","yoast_head_json":{"title":"Nous contacter - Bals et danses d&#039;autrefois ...","robots":{"index":"index","follow":"follow","max-snippet":"max-snippet:-1","max-image-preview":"max-image-preview:large","max-video-preview":"max-video-preview:-1"},"canonical":"https:\/\/balsetdansesdautrefois.fr\/index.php\/nous-contacter\/","og_locale":"fr_FR","og_type":"article","og_title":"Nous contacter - Bals et danses d&#039;autrefois ...","og_description":"Besoin d&rsquo;un renseignement ? N&rsquo;h\u00e9sitez pas \u00e0 nous contacter, nous reviendrons vers vous au plus vite.","og_url":"https:\/\/balsetdansesdautrefois.fr\/index.php\/nous-contacter\/","og_site_name":"Bals et danses d&#039;autrefois ...","article_modified_time":"2019-08-10T14:57:56+00:00","twitter_card":"summary_large_image","schema":{"@context":"https:\/\/schema.org","@graph":[{"@type":"WebPage","@id":"https:\/\/balsetdansesdautrefois.fr\/index.php\/nous-contacter\/","url":"https:\/\/balsetdansesdautrefois.fr\/index.php\/nous-contacter\/","name":"Nous contacter - Bals et danses d&#039;autrefois ...","isPartOf":{"@id":"https:\/\/balsetdansesdautrefois.fr\/#website"},"datePublished":"2019-06-17T20:01:42+00:00","dateModified":"2019-08-10T14:57:56+00:00","breadcrumb":{"@id":"https:\/\/balsetdansesdautrefois.fr\/index.php\/nous-contacter\/#breadcrumb"},"inLanguage":"fr-FR","potentialAction":[{"@type":"ReadAction","target":["https:\/\/balsetdansesdautrefois.fr\/index.php\/nous-contacter\/"]}]},{"@type":"BreadcrumbList","@id":"https:\/\/balsetdansesdautrefois.fr\/index.php\/nous-contacter\/#breadcrumb","itemListElement":[{"@type":"ListItem","position":1,"name":"Accueil","item":"https:\/\/balsetdansesdautrefois.fr\/"},{"@type":"ListItem","position":2,"name":"Nous contacter"}]},{"@type":"WebSite","@id":"https:\/\/balsetdansesdautrefois.fr\/#website","url":"https:\/\/balsetdansesdautrefois.fr\/","name":"Bals et danses d&#039;autrefois ...","description":"Association de danses historiques, situ\u00e9e \u00e0 Saint Jean de la Ruelle","potentialAction":[{"@type":"SearchAction","target":{"@type":"EntryPoint","urlTemplate":"https:\/\/balsetdansesdautrefois.fr\/?s={search_term_string}"},"query-input":{"@type":"PropertyValueSpecification","valueRequired":true,"valueName":"search_term_string"}}],"inLanguage":"fr-FR"}]}},"_links":{"self":[{"href":"https:\/\/balsetdansesdautrefois.fr\/index.php\/wp-json\/wp\/v2\/pages\/190","targetHints":{"allow":["GET"]}}],"collection":[{"href":"https:\/\/balsetdansesdautrefois.fr\/index.php\/wp-json\/wp\/v2\/pages"}],"about":[{"href":"https:\/\/balsetdansesdautrefois.fr\/index.php\/wp-json\/wp\/v2\/types\/page"}],"author":[{"embeddable":true,"href":"https:\/\/balsetdansesdautrefois.fr\/index.php\/wp-json\/wp\/v2\/users\/2"}],"replies":[{"embeddable":true,"href":"https:\/\/balsetdansesdautrefois.fr\/index.php\/wp-json\/wp\/v2\/comments?post=190"}],"version-history":[{"count":2,"href":"https:\/\/balsetdansesdautrefois.fr\/index.php\/wp-json\/wp\/v2\/pages\/190\/revisions"}],"predecessor-version":[{"id":427,"href":"https:\/\/balsetdansesdautrefois.fr\/index.php\/wp-json\/wp\/v2\/pages\/190\/revisions\/427"}],"wp:attachment":[{"href":"https:\/\/balsetdansesdautrefois.fr\/index.php\/wp-json\/wp\/v2\/media?parent=190"}],"curies":[{"name":"wp","href":"https:\/\/api.w.org\/{rel}","templated":true}]}}