{"id":51,"date":"2019-06-15T22:09:37","date_gmt":"2019-06-15T20:09:37","guid":{"rendered":"http:\/\/balsetdansesdautrefois.alwaysdata.net\/?page_id=51"},"modified":"2019-08-18T14:56:37","modified_gmt":"2019-08-18T12:56:37","slug":"rejoindre-lassociation","status":"publish","type":"page","link":"https:\/\/balsetdansesdautrefois.fr\/index.php\/rejoindre-lassociation\/","title":{"rendered":"Nous rejoindre"},"content":{"rendered":"\n<hr class=\"wp-block-separator\"\/>\n\n\n\n<p>Besoin d&rsquo;un renseignement ? N&rsquo;h\u00e9sitez pas \u00e0 nous contacter via cette <a href=\"http:\/\/balsetdansesdautrefois.alwaysdata.net\/nous-contacter\/\" target=\"_blank\" rel=\"noreferrer noopener\" aria-label=\"page (s\u2019ouvre dans un nouvel onglet)\">page<\/a>.<\/p>\n\n\n<div class=\"wpforms-container wpforms-container-full\" id=\"wpforms-240\"><form id=\"wpforms-form-240\" class=\"wpforms-validate wpforms-form\" data-formid=\"240\" method=\"post\" enctype=\"multipart\/form-data\" action=\"\/index.php\/wp-json\/wp\/v2\/pages\/51\" data-token=\"e4b24a3b37d0fd5fdea9220418586eb4\" data-token-time=\"1778162233\"><noscript class=\"wpforms-error-noscript\">Veuillez activer JavaScript dans votre navigateur pour remplir ce formulaire.<\/noscript><div class=\"wpforms-field-container\"><div id=\"wpforms-240-field_0-container\" class=\"wpforms-field wpforms-field-name\" data-field-id=\"0\"><label class=\"wpforms-field-label\">Nom <span class=\"wpforms-required-label\">*<\/span><\/label><div class=\"wpforms-field-row wpforms-field-medium\"><div class=\"wpforms-field-row-block wpforms-first wpforms-one-half\"><input type=\"text\" id=\"wpforms-240-field_0\" class=\"wpforms-field-name-first wpforms-field-required\" name=\"wpforms[fields][0][first]\" required><label for=\"wpforms-240-field_0\" class=\"wpforms-field-sublabel after\">Pr\u00e9nom<\/label><\/div><div class=\"wpforms-field-row-block wpforms-one-half\"><input type=\"text\" id=\"wpforms-240-field_0-last\" class=\"wpforms-field-name-last wpforms-field-required\" name=\"wpforms[fields][0][last]\" required><label for=\"wpforms-240-field_0-last\" class=\"wpforms-field-sublabel after\">Nom<\/label><\/div><\/div><\/div><div id=\"wpforms-240-field_3-container\" class=\"wpforms-field wpforms-field-text\" data-field-id=\"3\"><label class=\"wpforms-field-label\" for=\"wpforms-240-field_3\">Date de naissance <span class=\"wpforms-required-label\">*<\/span><\/label><input type=\"text\" id=\"wpforms-240-field_3\" class=\"wpforms-field-medium wpforms-field-required\" name=\"wpforms[fields][3]\" required><\/div><div id=\"wpforms-240-field_2-container\" class=\"wpforms-field wpforms-field-text\" data-field-id=\"2\"><label class=\"wpforms-field-label\" for=\"wpforms-240-field_2\">Adresse <span class=\"wpforms-required-label\">*<\/span><\/label><input type=\"text\" id=\"wpforms-240-field_2\" class=\"wpforms-field-medium wpforms-field-required\" name=\"wpforms[fields][2]\" required><\/div><div id=\"wpforms-240-field_7-container\" class=\"wpforms-field wpforms-field-text\" data-field-id=\"7\"><label class=\"wpforms-field-label\" for=\"wpforms-240-field_7\">Num\u00e9ro de t\u00e9l\u00e9phone <span class=\"wpforms-required-label\">*<\/span><\/label><input type=\"text\" id=\"wpforms-240-field_7\" class=\"wpforms-field-medium wpforms-field-required\" name=\"wpforms[fields][7]\" required><\/div><div id=\"wpforms-240-field_1-container\" class=\"wpforms-field wpforms-field-email\" data-field-id=\"1\"><label class=\"wpforms-field-label\" for=\"wpforms-240-field_1\">E-mail <span class=\"wpforms-required-label\">*<\/span><\/label><input type=\"email\" id=\"wpforms-240-field_1\" class=\"wpforms-field-medium wpforms-field-required\" name=\"wpforms[fields][1]\" spellcheck=\"false\" required><\/div><div id=\"wpforms-240-field_5-container\" class=\"wpforms-field wpforms-field-checkbox\" data-field-id=\"5\"><label class=\"wpforms-field-label\">Je confirme avoir pris connaissance : <span class=\"wpforms-required-label\">*<\/span><\/label><ul id=\"wpforms-240-field_5\" class=\"wpforms-field-required\"><li class=\"choice-1 depth-1\"><input type=\"checkbox\" id=\"wpforms-240-field_5_1\" name=\"wpforms[fields][5][]\" value=\"du r\u00e8glement int\u00e9rieur disponible sur ce site web, et m&#039;engage \u00e0 m&#039;y conformer\" required ><label class=\"wpforms-field-label-inline\" for=\"wpforms-240-field_5_1\">du r\u00e8glement int\u00e9rieur disponible sur ce site web, et m'engage \u00e0 m'y conformer<\/label><\/li><\/ul><\/div><div id=\"wpforms-240-field_9-container\" class=\"wpforms-field wpforms-field-checkbox\" data-field-id=\"9\"><label class=\"wpforms-field-label wpforms-label-hide\">Cases \u00e0 cocher <span class=\"wpforms-required-label\">*<\/span><\/label><ul id=\"wpforms-240-field_9\" class=\"wpforms-field-required\"><li class=\"choice-1 depth-1\"><input type=\"checkbox\" id=\"wpforms-240-field_9_1\" name=\"wpforms[fields][9][]\" value=\"de la n\u00e9cessit\u00e9 de disposer d&#039;un certificat m\u00e9dical, attestant mon aptitude \u00e0 la danse\" required ><label class=\"wpforms-field-label-inline\" for=\"wpforms-240-field_9_1\">de la n\u00e9cessit\u00e9 de disposer d'un certificat m\u00e9dical, attestant mon aptitude \u00e0 la danse<\/label><\/li><\/ul><\/div><div id=\"wpforms-240-field_10-container\" class=\"wpforms-field wpforms-field-checkbox\" data-field-id=\"10\"><label class=\"wpforms-field-label wpforms-label-hide\">Cases \u00e0 cocher <span class=\"wpforms-required-label\">*<\/span><\/label><ul id=\"wpforms-240-field_10\" class=\"wpforms-field-required\"><li class=\"choice-1 depth-1\"><input type=\"checkbox\" id=\"wpforms-240-field_10_1\" name=\"wpforms[fields][10][]\" value=\"des pr\u00e9cisions suppl\u00e9mentaires indiqu\u00e9es ci-dessous\" required ><label class=\"wpforms-field-label-inline\" for=\"wpforms-240-field_10_1\">des pr\u00e9cisions suppl\u00e9mentaires indiqu\u00e9es ci-dessous<\/label><\/li><\/ul><\/div><\/div><!-- .wpforms-field-container --><div class=\"wpforms-field wpforms-field-hp\"><label for=\"wpforms-240-field-hp\" class=\"wpforms-field-label\">Message<\/label><input type=\"text\" name=\"wpforms[hp]\" id=\"wpforms-240-field-hp\" class=\"wpforms-field-medium\"><\/div><div class=\"wpforms-submit-container\" ><input type=\"hidden\" name=\"wpforms[id]\" value=\"240\"><input type=\"hidden\" name=\"page_title\" value=\"\"><input type=\"hidden\" name=\"page_url\" value=\"https:\/\/balsetdansesdautrefois.fr\/index.php\/wp-json\/wp\/v2\/pages\/51\"><input type=\"hidden\" name=\"url_referer\" value=\"\"><button type=\"submit\" name=\"wpforms[submit]\" id=\"wpforms-submit-240\" class=\"wpforms-submit\" data-alt-text=\"Rejoindre\" data-submit-text=\"Envoyer votre candidature\" aria-live=\"assertive\" value=\"wpforms-submit\">Envoyer votre candidature<\/button><\/div><\/form><\/div>  <!-- .wpforms-container -->\n\n\n\n<p><em>Quelques pr\u00e9cisions suppl\u00e9mentaires :<\/em><\/p>\n\n\n\n<ul class=\"wp-block-list\"><li><em>Les cours se d\u00e9rouleront dans la salle de danse du Conservatoire de Saint Jean de la Ruelle, au 29 rue Bernard Million.<\/em><\/li><li><em>Chaque membre doit s&rsquo;acquitter, au moment de son inscription, d&rsquo;un montant de 20\u20ac correspondant \u00e0 la cotisation annuelle \u00e0 l&rsquo;association. Il devra ensuite s&rsquo;acquitter d&rsquo;un montant de 80\u20ac, payable en 1, 2 ou 3 fois, correspondant \u00e0 la participation annuelle aux cours.<\/em><\/li><li><em>Il n&rsquo;est pas n\u00e9cessaire d&rsquo;avoir en votre possession le certificat m\u00e9dical d\u00e8s votre inscription.<\/em><\/li><li><em>Un formulaire de droit \u00e0 l&rsquo;image vous sera transmis \u00e0 l&rsquo;issue de votre inscription.<\/em><\/li><\/ul>\n","protected":false},"excerpt":{"rendered":"<p>Besoin d&rsquo;un renseignement ? N&rsquo;h\u00e9sitez pas \u00e0 nous contacter via cette page. Quelques pr\u00e9cisions suppl\u00e9mentaires : Les cours se d\u00e9rouleront dans la salle de danse du Conservatoire de Saint Jean de la Ruelle, au 29[&#8230;]<\/p>\n","protected":false},"author":2,"featured_media":0,"parent":0,"menu_order":0,"comment_status":"closed","ping_status":"closed","template":"","meta":{"footnotes":""},"class_list":["post-51","page","type-page","status-publish","hentry"],"yoast_head":"<!-- This site is optimized with the Yoast SEO plugin v26.5 - https:\/\/yoast.com\/wordpress\/plugins\/seo\/ -->\n<title>Nous rejoindre - Bals et danses d&#039;autrefois ...<\/title>\n<meta name=\"robots\" content=\"index, follow, max-snippet:-1, max-image-preview:large, max-video-preview:-1\" \/>\n<link rel=\"canonical\" href=\"https:\/\/balsetdansesdautrefois.fr\/index.php\/rejoindre-lassociation\/\" \/>\n<meta property=\"og:locale\" content=\"fr_FR\" \/>\n<meta property=\"og:type\" content=\"article\" \/>\n<meta property=\"og:title\" content=\"Nous rejoindre - Bals et danses d&#039;autrefois ...\" \/>\n<meta property=\"og:description\" content=\"Besoin d&rsquo;un renseignement ? N&rsquo;h\u00e9sitez pas \u00e0 nous contacter via cette page. Quelques pr\u00e9cisions suppl\u00e9mentaires : Les cours se d\u00e9rouleront dans la salle de danse du Conservatoire de Saint Jean de la Ruelle, au 29[...]\" \/>\n<meta property=\"og:url\" content=\"https:\/\/balsetdansesdautrefois.fr\/index.php\/rejoindre-lassociation\/\" \/>\n<meta property=\"og:site_name\" content=\"Bals et danses d&#039;autrefois ...\" \/>\n<meta property=\"article:modified_time\" content=\"2019-08-18T12:56:37+00:00\" \/>\n<meta name=\"twitter:card\" content=\"summary_large_image\" \/>\n<meta name=\"twitter:label1\" content=\"Dur\u00e9e de lecture estim\u00e9e\" \/>\n\t<meta name=\"twitter:data1\" content=\"1 minute\" \/>\n<script type=\"application\/ld+json\" class=\"yoast-schema-graph\">{\"@context\":\"https:\/\/schema.org\",\"@graph\":[{\"@type\":\"WebPage\",\"@id\":\"https:\/\/balsetdansesdautrefois.fr\/index.php\/rejoindre-lassociation\/\",\"url\":\"https:\/\/balsetdansesdautrefois.fr\/index.php\/rejoindre-lassociation\/\",\"name\":\"Nous rejoindre - Bals et danses d&#039;autrefois ...\",\"isPartOf\":{\"@id\":\"https:\/\/balsetdansesdautrefois.fr\/#website\"},\"datePublished\":\"2019-06-15T20:09:37+00:00\",\"dateModified\":\"2019-08-18T12:56:37+00:00\",\"breadcrumb\":{\"@id\":\"https:\/\/balsetdansesdautrefois.fr\/index.php\/rejoindre-lassociation\/#breadcrumb\"},\"inLanguage\":\"fr-FR\",\"potentialAction\":[{\"@type\":\"ReadAction\",\"target\":[\"https:\/\/balsetdansesdautrefois.fr\/index.php\/rejoindre-lassociation\/\"]}]},{\"@type\":\"BreadcrumbList\",\"@id\":\"https:\/\/balsetdansesdautrefois.fr\/index.php\/rejoindre-lassociation\/#breadcrumb\",\"itemListElement\":[{\"@type\":\"ListItem\",\"position\":1,\"name\":\"Accueil\",\"item\":\"https:\/\/balsetdansesdautrefois.fr\/\"},{\"@type\":\"ListItem\",\"position\":2,\"name\":\"Nous rejoindre\"}]},{\"@type\":\"WebSite\",\"@id\":\"https:\/\/balsetdansesdautrefois.fr\/#website\",\"url\":\"https:\/\/balsetdansesdautrefois.fr\/\",\"name\":\"Bals et danses d&#039;autrefois ...\",\"description\":\"Association de danses historiques, situ\u00e9e \u00e0 Saint Jean de la Ruelle\",\"potentialAction\":[{\"@type\":\"SearchAction\",\"target\":{\"@type\":\"EntryPoint\",\"urlTemplate\":\"https:\/\/balsetdansesdautrefois.fr\/?s={search_term_string}\"},\"query-input\":{\"@type\":\"PropertyValueSpecification\",\"valueRequired\":true,\"valueName\":\"search_term_string\"}}],\"inLanguage\":\"fr-FR\"}]}<\/script>\n<!-- \/ Yoast SEO plugin. -->","yoast_head_json":{"title":"Nous rejoindre - Bals et danses d&#039;autrefois ...","robots":{"index":"index","follow":"follow","max-snippet":"max-snippet:-1","max-image-preview":"max-image-preview:large","max-video-preview":"max-video-preview:-1"},"canonical":"https:\/\/balsetdansesdautrefois.fr\/index.php\/rejoindre-lassociation\/","og_locale":"fr_FR","og_type":"article","og_title":"Nous rejoindre - Bals et danses d&#039;autrefois ...","og_description":"Besoin d&rsquo;un renseignement ? N&rsquo;h\u00e9sitez pas \u00e0 nous contacter via cette page. Quelques pr\u00e9cisions suppl\u00e9mentaires : Les cours se d\u00e9rouleront dans la salle de danse du Conservatoire de Saint Jean de la Ruelle, au 29[...]","og_url":"https:\/\/balsetdansesdautrefois.fr\/index.php\/rejoindre-lassociation\/","og_site_name":"Bals et danses d&#039;autrefois ...","article_modified_time":"2019-08-18T12:56:37+00:00","twitter_card":"summary_large_image","twitter_misc":{"Dur\u00e9e de lecture estim\u00e9e":"1 minute"},"schema":{"@context":"https:\/\/schema.org","@graph":[{"@type":"WebPage","@id":"https:\/\/balsetdansesdautrefois.fr\/index.php\/rejoindre-lassociation\/","url":"https:\/\/balsetdansesdautrefois.fr\/index.php\/rejoindre-lassociation\/","name":"Nous rejoindre - Bals et danses d&#039;autrefois ...","isPartOf":{"@id":"https:\/\/balsetdansesdautrefois.fr\/#website"},"datePublished":"2019-06-15T20:09:37+00:00","dateModified":"2019-08-18T12:56:37+00:00","breadcrumb":{"@id":"https:\/\/balsetdansesdautrefois.fr\/index.php\/rejoindre-lassociation\/#breadcrumb"},"inLanguage":"fr-FR","potentialAction":[{"@type":"ReadAction","target":["https:\/\/balsetdansesdautrefois.fr\/index.php\/rejoindre-lassociation\/"]}]},{"@type":"BreadcrumbList","@id":"https:\/\/balsetdansesdautrefois.fr\/index.php\/rejoindre-lassociation\/#breadcrumb","itemListElement":[{"@type":"ListItem","position":1,"name":"Accueil","item":"https:\/\/balsetdansesdautrefois.fr\/"},{"@type":"ListItem","position":2,"name":"Nous rejoindre"}]},{"@type":"WebSite","@id":"https:\/\/balsetdansesdautrefois.fr\/#website","url":"https:\/\/balsetdansesdautrefois.fr\/","name":"Bals et danses d&#039;autrefois ...","description":"Association de danses historiques, situ\u00e9e \u00e0 Saint Jean de la Ruelle","potentialAction":[{"@type":"SearchAction","target":{"@type":"EntryPoint","urlTemplate":"https:\/\/balsetdansesdautrefois.fr\/?s={search_term_string}"},"query-input":{"@type":"PropertyValueSpecification","valueRequired":true,"valueName":"search_term_string"}}],"inLanguage":"fr-FR"}]}},"_links":{"self":[{"href":"https:\/\/balsetdansesdautrefois.fr\/index.php\/wp-json\/wp\/v2\/pages\/51","targetHints":{"allow":["GET"]}}],"collection":[{"href":"https:\/\/balsetdansesdautrefois.fr\/index.php\/wp-json\/wp\/v2\/pages"}],"about":[{"href":"https:\/\/balsetdansesdautrefois.fr\/index.php\/wp-json\/wp\/v2\/types\/page"}],"author":[{"embeddable":true,"href":"https:\/\/balsetdansesdautrefois.fr\/index.php\/wp-json\/wp\/v2\/users\/2"}],"replies":[{"embeddable":true,"href":"https:\/\/balsetdansesdautrefois.fr\/index.php\/wp-json\/wp\/v2\/comments?post=51"}],"version-history":[{"count":6,"href":"https:\/\/balsetdansesdautrefois.fr\/index.php\/wp-json\/wp\/v2\/pages\/51\/revisions"}],"predecessor-version":[{"id":495,"href":"https:\/\/balsetdansesdautrefois.fr\/index.php\/wp-json\/wp\/v2\/pages\/51\/revisions\/495"}],"wp:attachment":[{"href":"https:\/\/balsetdansesdautrefois.fr\/index.php\/wp-json\/wp\/v2\/media?parent=51"}],"curies":[{"name":"wp","href":"https:\/\/api.w.org\/{rel}","templated":true}]}}